{"id":51,"date":"2019-02-13T15:03:38","date_gmt":"2019-02-13T14:03:38","guid":{"rendered":"https:\/\/dengodehyrde.katolsk.no\/?page_id=51"},"modified":"2025-05-26T18:12:13","modified_gmt":"2025-05-26T16:12:13","slug":"steder","status":"publish","type":"page","link":"https:\/\/dengodehyrde.katolsk.no\/index.php\/steder\/","title":{"rendered":"Steder"},"content":{"rendered":"\n<p>Oversikt over menigheter i Den Katolske Kirke i Norge som har Den Gode Hyrde Katekese<\/p>\n\n\n\n<h2 class=\"wp-block-heading\">St Paul menighet, Bergen<\/h2>\n\n\n\n<ul class=\"wp-block-list\">\n<li>Atrium niv\u00e5 1 i Mariparken, Nylandsveien 26<\/li>\n\n\n\n<li>Atrium niv\u00e5 2 og niv\u00e5 3 p\u00e5 Marias Minde, Nylandsveien 31<\/li>\n<\/ul>\n\n\n\n<p>Kontakt: Reidun Jofrid Kleppestrand, katekesekoordinator, <a href=\"mailto:katekese.bergen@katolsk.no\">katekese.bergen@katolsk.no<\/a>, tlf 55 21 59 56 \/ 408 85 489<\/p>\n\n\n\n<h2 class=\"wp-block-heading\">St. Laurentius menighet, Drammen<\/h2>\n\n\n\n<p>Kontakt: ks Adam Wroblewski, <a href=\"mailto:Adam.Wroblewski@katolsk.no\">adam.wroblewski@katolsk.no<\/a><\/p>\n\n\n\n<h2 class=\"wp-block-heading\">Hamar<\/h2>\n\n\n\n<p>Kontakt: Jowita Markowska, <a href=\"mailto:jow-mark@online.no\">jow-mark@online.no<\/a><\/p>\n\n\n\n<h2 class=\"wp-block-heading\">Jessheim<\/h2>\n\n\n\n<p>Kontakt: Joanna Piekarz, <a href=\"mailto:piekarz.joanna@yahoo.no\">piekarz.joanna@yahoo.no<\/a><\/p>\n\n\n\n<p><\/p>\n","protected":false},"excerpt":{"rendered":"<p>Oversikt over menigheter i Den Katolske Kirke i Norge som har Den Gode Hyrde Katekese St Paul menighet, Bergen Kontakt: Reidun Jofrid Kleppestrand, katekesekoordinator, katekese.bergen@katolsk.no, tlf 55 21 59 56 \/ 408 85 489 St. Laurentius menighet, Drammen Kontakt: ks &hellip; <a href=\"https:\/\/dengodehyrde.katolsk.no\/index.php\/steder\/\">Les videre <span class=\"meta-nav\">&rarr;<\/span><\/a><\/p>\n","protected":false},"author":2,"featured_media":0,"parent":0,"menu_order":0,"comment_status":"closed","ping_status":"closed","template":"","meta":{"footnotes":""},"class_list":["post-51","page","type-page","status-publish","hentry"],"_links":{"self":[{"href":"https:\/\/dengodehyrde.katolsk.no\/index.php\/wp-json\/wp\/v2\/pages\/51","targetHints":{"allow":["GET"]}}],"collection":[{"href":"https:\/\/dengodehyrde.katolsk.no\/index.php\/wp-json\/wp\/v2\/pages"}],"about":[{"href":"https:\/\/dengodehyrde.katolsk.no\/index.php\/wp-json\/wp\/v2\/types\/page"}],"author":[{"embeddable":true,"href":"https:\/\/dengodehyrde.katolsk.no\/index.php\/wp-json\/wp\/v2\/users\/2"}],"replies":[{"embeddable":true,"href":"https:\/\/dengodehyrde.katolsk.no\/index.php\/wp-json\/wp\/v2\/comments?post=51"}],"version-history":[{"count":7,"href":"https:\/\/dengodehyrde.katolsk.no\/index.php\/wp-json\/wp\/v2\/pages\/51\/revisions"}],"predecessor-version":[{"id":7204,"href":"https:\/\/dengodehyrde.katolsk.no\/index.php\/wp-json\/wp\/v2\/pages\/51\/revisions\/7204"}],"wp:attachment":[{"href":"https:\/\/dengodehyrde.katolsk.no\/index.php\/wp-json\/wp\/v2\/media?parent=51"}],"curies":[{"name":"wp","href":"https:\/\/api.w.org\/{rel}","templated":true}]}}