{"id":7185,"date":"2025-05-25T23:51:59","date_gmt":"2025-05-25T21:51:59","guid":{"rendered":"https:\/\/dengodehyrde.katolsk.no\/?page_id=7185"},"modified":"2025-05-26T22:19:52","modified_gmt":"2025-05-26T20:19:52","slug":"kurs-i-den-gode-hyrde-katekese-niva-1-3-6-ar-i-kongsberg","status":"publish","type":"page","link":"https:\/\/dengodehyrde.katolsk.no\/index.php\/kurs-i-den-gode-hyrde-katekese-niva-1-3-6-ar-i-kongsberg\/","title":{"rendered":"Kurs i den gode hyrde katekese Niv\u00e5 1 i Kongsberg, 2025-2027"},"content":{"rendered":"\n<h1 class=\"wp-block-heading\">Kursbeskrivelse &#8211; <strong><strong>Niv\u00e5 1 (3-6 \u00e5r)<\/strong><\/strong> <strong><strong>er grunnkurset i DGHK<\/strong>\u00a0<\/strong><\/h1>\n\n\n\n<p>Dette kurset er grunnkurset og begynneroppl\u00e6ringen i Den Gode Hyrde Katekesen. Gjennom de fire helgene vil du f\u00e5 oppl\u00e6ring i hele katekesen for 3-6 \u00e5r, og de som deltar p\u00e5 hele kurset vil f\u00e5 kursbevis som viser at de har f\u00e5tt n\u00f8dvendig oppl\u00e6ring for \u00e5 starte denne katekesen for denne aldersgruppen.&nbsp;&nbsp;Selv om du evt. skulle v\u00e6re mer interessert i&nbsp;katekese for st\u00f8rre barn, er det viktig \u00e5 f\u00e5 med seg dette grunnkurset f\u00f8rst, som er forutsetningen for \u00e5 g\u00e5 videre p\u00e5 kurs i neste niv\u00e5 (for eldre barn). Elementer av niv\u00e5 1 kan ogs\u00e5 brukes for eldre barn.<\/p>\n\n\n\n<h2 class=\"wp-block-heading\"><strong>M\u00e5lgruppe for kurset<\/strong><\/h2>\n\n\n\n<p>Personer som \u00f8nsker \u00e5 starte opp med Den Gode Hyrde-katekese i sin menighet.<\/p>\n\n\n\n<h1 class=\"wp-block-heading\">Datoer<\/h1>\n\n\n\n<p>4 helgekurs:<\/p>\n\n\n\n<ul class=\"wp-block-list\">\n<li>28.-30. november 2025<\/li>\n\n\n\n<li>20.-22. mars 2026<\/li>\n\n\n\n<li>27.-29. november 2026<\/li>\n\n\n\n<li>26.-28. februar 2027<\/li>\n<\/ul>\n\n\n\n<h1 class=\"wp-block-heading\">Sted<\/h1>\n\n\n\n<p>St Barbara menighet i Kongsberg<\/p>\n\n\n\n<h2 class=\"wp-block-heading\">Overnatting<\/h2>\n\n\n\n<p>Deltakerne m\u00e5 ordne med overnatting selv. \u00d8nsker du \u00e5 bo privat hos noen i menigheten, kan dere melde fra om det ved p\u00e5melding. Ellers anbefales Kongsberg&nbsp;Hybelhotell,&nbsp;12 min g\u00e5avstand fra kirken. <a href=\"https:\/\/hybelmotell.no\/\">https:\/\/hybelmotell.no\/<\/a><\/p>\n\n\n\n<p><strong>Transport til Kongsberg<\/strong><\/p>\n\n\n\n<p>Tog, fly, bil. Det er mulig \u00e5 parkere foran kirken mot betaling.<\/p>\n\n\n\n<h1 class=\"wp-block-heading\"><strong>Praktisk informasjon<\/strong><\/h1>\n\n\n\n<ul class=\"wp-block-list\">\n<li><strong>Spr\u00e5k<\/strong>: Kurset blir holdt p\u00e5 norsk.<\/li>\n\n\n\n<li><strong>Litteratur<\/strong>: De som melder seg p\u00e5, vil f\u00e5 ytterligere informasjon, bla. om aktuell litteratur.<\/li>\n\n\n\n<li><strong>Kursbevis<\/strong>: Deltakerne m\u00e5 v\u00e6re med p\u00e5 alle 4 helgene. Da vil man f\u00e5 kursbevis for utdanningen i Den Gode Hyrde Katekese niv\u00e5 1.<\/li>\n\n\n\n<li><strong>Kursavgift<\/strong>: Kursavgift er p\u00e5 kr 4000 NOK betales ved p\u00e5melding til St Barbara menighet, kontonummer:&nbsp;3000 52 26089(merkes med \u00abkurs\u00bb) Den er for alle 4 samlinger til sammen. I tillegg vil det bli litt betaling for mat for hver helg. Interesserte oppfordres til \u00e5 sp\u00f8rre i sine menigheter om de kan dekke utgiftene.<\/li>\n<\/ul>\n\n\n\n<h2 class=\"wp-block-heading\">P\u00e5melding<\/h2>\n\n\n\n<p>P\u00e5melding&nbsp;og evt. sp\u00f8rsm\u00e5l sendes til:&nbsp;Katarzyna Jachimowicz&nbsp;(<a href=\"mailto:kjachimowicz8@gmail.com\">kjachimowicz8@gmail.com<\/a>), Mobil: 94 17 35 42<\/p>\n\n\n\n<p>P\u00e5meldingsfrist: 31. august 2025<\/p>\n\n\n\n<h2 class=\"wp-block-heading\"><strong>Dagsprogram for hver av helgene<\/strong><\/h2>\n\n\n\n<ul class=\"wp-block-list\">\n<li>Fredag: 16.00-21.00<\/li>\n\n\n\n<li>L\u00f8rdag 09.00-18.00&nbsp;<\/li>\n\n\n\n<li>S\u00f8ndag 09.00-18.00<\/li>\n<\/ul>\n\n\n\n<p>med innlagt tid for pauser, mat og messe.<\/p>\n\n\n\n<h1 class=\"wp-block-heading\">Kursbrosjyre<\/h1>\n\n\n\n<div class=\"wp-block-buttons is-layout-flex wp-block-buttons-is-layout-flex\">\n<div class=\"wp-block-button\"><a class=\"wp-block-button__link wp-element-button\" href=\"https:\/\/dengodehyrde.katolsk.no\/wp-content\/uploads\/2025\/05\/kursbrosjyre-25-27.pdf\">Brosjyre<\/a><\/div>\n<\/div>\n\n\n\n<div class=\"wp-block-file\"><a id=\"wp-block-file--media-75a1a1db-1bde-4953-8020-62756c12f2b1\" href=\"https:\/\/dengodehyrde.katolsk.no\/wp-content\/uploads\/2025\/05\/kursbrosjyre-25-27.pdf\">Kursbrosjyre Kongsberg 2025-2027<\/a><a href=\"https:\/\/dengodehyrde.katolsk.no\/wp-content\/uploads\/2025\/05\/kursbrosjyre-25-27.pdf\" class=\"wp-block-file__button wp-element-button\" download aria-describedby=\"wp-block-file--media-75a1a1db-1bde-4953-8020-62756c12f2b1\">Last ned<\/a><\/div>\n\n\n\n<div style=\"height:8px\" aria-hidden=\"true\" class=\"wp-block-spacer\"><\/div>\n\n\n\n<div class=\"wp-block-group has-light-gray-background-color has-background\"><div class=\"wp-block-group__inner-container is-layout-constrained wp-block-group-is-layout-constrained\">\n<h1 class=\"wp-block-heading\">Formasjonsteam<\/h1>\n\n\n\n<div class=\"wp-block-media-text has-media-on-the-right is-stacked-on-mobile\" style=\"grid-template-columns:auto 29%\"><div class=\"wp-block-media-text__content\">\n<h2 class=\"wp-block-heading\">Reidun Jofrid Kleppesstrand, Formasjonsleder<\/h2>\n\n\n\n<p>Reidun Jofrid Kleppestrand er katekesekoordinator i St Paul menighet. Hun er formasjonsleder i Den Gode Hyrde Katekese for niv\u00e5 1 og 2 og startet opp med denne katekesen i St Paul i 2012 og har siden da v\u00e6rt kateket p\u00e5 alle niv\u00e5er av Den Gode Hyrde-katekese.&nbsp;Hun har ogs\u00e5 hovedfag i kristendomskunnskap fra NLA og tilleggsutdanning i katolsk teologi og kateketutdanning fra MF og har mange \u00e5rs erfaring som kateket.<\/p>\n<\/div><figure class=\"wp-block-media-text__media\"><img loading=\"lazy\" decoding=\"async\" width=\"378\" height=\"495\" src=\"https:\/\/dengodehyrde.katolsk.no\/wp-content\/uploads\/2025\/05\/ReidunJofrid.jpg\" alt=\"\" class=\"wp-image-7213 size-full\" srcset=\"https:\/\/dengodehyrde.katolsk.no\/wp-content\/uploads\/2025\/05\/ReidunJofrid.jpg 378w, https:\/\/dengodehyrde.katolsk.no\/wp-content\/uploads\/2025\/05\/ReidunJofrid-229x300.jpg 229w\" sizes=\"auto, (max-width: 378px) 100vw, 378px\" \/><\/figure><\/div>\n\n\n\n<div class=\"wp-block-media-text is-stacked-on-mobile\" style=\"grid-template-columns:30% auto\"><figure class=\"wp-block-media-text__media\"><img loading=\"lazy\" decoding=\"async\" width=\"372\" height=\"495\" src=\"https:\/\/dengodehyrde.katolsk.no\/wp-content\/uploads\/2025\/05\/Adriana.jpg\" alt=\"\" class=\"wp-image-7214 size-full\" srcset=\"https:\/\/dengodehyrde.katolsk.no\/wp-content\/uploads\/2025\/05\/Adriana.jpg 372w, https:\/\/dengodehyrde.katolsk.no\/wp-content\/uploads\/2025\/05\/Adriana-225x300.jpg 225w\" sizes=\"auto, (max-width: 372px) 100vw, 372px\" \/><\/figure><div class=\"wp-block-media-text__content\">\n<h2 class=\"wp-block-heading\">Adriana Burgos, formasjonsassistent<\/h2>\n\n\n\n<p>Adriana Burgos er utdannet f\u00f8rskolel\u00e6rer fra Argentina og har jobbet i barnehage i Norge siden 2006, 5 \u00e5r i Hammerfest og 14 \u00e5r i Bergen. Hun har ogs\u00e5 erfaring som kateket i Argentina. Siden 2021 har hun v\u00e6rt kateket i St Paul menighet, f\u00f8rst p\u00e5 niv\u00e5 1 av Den Gode Hyrde, og de siste \u00e5rene mest p\u00e5 niv\u00e5 2. Hun har deltatt p\u00e5 flere kurs p\u00e5 niv\u00e5 1 og 2 av Den Gode Hyrde Katekese, og hun har ogs\u00e5 assistert som kursleder p\u00e5 tidligere kurs.<\/p>\n<\/div><\/div>\n<\/div><\/div>\n\n\n\n<div class=\"wp-block-group\"><div class=\"wp-block-group__inner-container is-layout-constrained wp-block-group-is-layout-constrained\">\n<div class=\"wp-block-group is-vertical is-layout-flex wp-container-core-group-is-layout-8cf370e7 wp-block-group-is-layout-flex\">\n<h1 class=\"wp-block-heading\">Generelt om Den gode hyrde katekese (DGHK)<\/h1>\n\n\n\n<p>Katekesen er utviklet av den italienske, katolske bibelforskeren Sophia Cavalletti i samarbeid med Gianna Gobbi i 1954 i Roma. Katekesen er bygget opp p\u00e5 Maria Montessorris pedagogiske metode, og er fra 3-12 \u00e5r. Katekesen er i dag spredt omkring i omlag 40 land i verden.<\/p>\n\n\n\n<p>I denne katekesen f\u00e5r barna n\u00e6rme seg troens mysterier i sitt eget tempo. De f\u00e5r presentert emner fra Bibelen og liturgien ved hjelp av materiell som er spesielt tilrettelagt for deres aldersgruppe. Barna f\u00e5r s\u00e5 velge \u00e5 arbeide videre med materiellet og innholdet p\u00e5 forskjellige m\u00e5ter. M\u00e5let for denne katekesen er \u00e5 hjelpe barna til selv \u00e5 komme n\u00e6rmere Gud. B\u00f8nnen har en sentral plass i det rommet der denne katekesen foreg\u00e5r, atriet.<\/p>\n<\/div>\n<\/div><\/div>\n\n\n\n<p><\/p>\n","protected":false},"excerpt":{"rendered":"<p>Kursbeskrivelse &#8211; Niv\u00e5 1 (3-6 \u00e5r) er grunnkurset i DGHK\u00a0 Dette kurset er grunnkurset og begynneroppl\u00e6ringen i Den Gode Hyrde Katekesen. Gjennom de fire helgene vil du f\u00e5 oppl\u00e6ring i hele katekesen for 3-6 \u00e5r, og de som deltar p\u00e5 &hellip; <a href=\"https:\/\/dengodehyrde.katolsk.no\/index.php\/kurs-i-den-gode-hyrde-katekese-niva-1-3-6-ar-i-kongsberg\/\">Les videre <span class=\"meta-nav\">&rarr;<\/span><\/a><\/p>\n","protected":false},"author":4,"featured_media":0,"parent":0,"menu_order":0,"comment_status":"closed","ping_status":"closed","template":"","meta":{"footnotes":""},"class_list":["post-7185","page","type-page","status-publish","hentry"],"_links":{"self":[{"href":"https:\/\/dengodehyrde.katolsk.no\/index.php\/wp-json\/wp\/v2\/pages\/7185","targetHints":{"allow":["GET"]}}],"collection":[{"href":"https:\/\/dengodehyrde.katolsk.no\/index.php\/wp-json\/wp\/v2\/pages"}],"about":[{"href":"https:\/\/dengodehyrde.katolsk.no\/index.php\/wp-json\/wp\/v2\/types\/page"}],"author":[{"embeddable":true,"href":"https:\/\/dengodehyrde.katolsk.no\/index.php\/wp-json\/wp\/v2\/users\/4"}],"replies":[{"embeddable":true,"href":"https:\/\/dengodehyrde.katolsk.no\/index.php\/wp-json\/wp\/v2\/comments?post=7185"}],"version-history":[{"count":14,"href":"https:\/\/dengodehyrde.katolsk.no\/index.php\/wp-json\/wp\/v2\/pages\/7185\/revisions"}],"predecessor-version":[{"id":7265,"href":"https:\/\/dengodehyrde.katolsk.no\/index.php\/wp-json\/wp\/v2\/pages\/7185\/revisions\/7265"}],"wp:attachment":[{"href":"https:\/\/dengodehyrde.katolsk.no\/index.php\/wp-json\/wp\/v2\/media?parent=7185"}],"curies":[{"name":"wp","href":"https:\/\/api.w.org\/{rel}","templated":true}]}}