{"id":7229,"date":"2025-05-26T21:43:59","date_gmt":"2025-05-26T19:43:59","guid":{"rendered":"https:\/\/dengodehyrde.katolsk.no\/?page_id=7229"},"modified":"2025-05-26T22:11:25","modified_gmt":"2025-05-26T20:11:25","slug":"retrettformasjon-dgh-katekese-for-spedbarn-og-smabarn-0-3-ar-19-24-september-2025-4-9-mai-2026-st-paul-menighet-i-bergen","status":"publish","type":"page","link":"https:\/\/dengodehyrde.katolsk.no\/index.php\/retrettformasjon-dgh-katekese-for-spedbarn-og-smabarn-0-3-ar-19-24-september-2025-4-9-mai-2026-st-paul-menighet-i-bergen\/","title":{"rendered":"Retrettformasjon DGH-katekese for spedbarn og sm\u00e5barn i Bergen, 2025-2026"},"content":{"rendered":"\n<figure class=\"wp-block-image size-large\"><img loading=\"lazy\" decoding=\"async\" width=\"791\" height=\"1024\" src=\"https:\/\/dengodehyrde.katolsk.no\/wp-content\/uploads\/2025\/05\/Formasjonsrett-Den-Gode-Hyrde-Katekese-Smabarn-og-spedbarn-791x1024.jpg\" alt=\"\" class=\"wp-image-7228\" srcset=\"https:\/\/dengodehyrde.katolsk.no\/wp-content\/uploads\/2025\/05\/Formasjonsrett-Den-Gode-Hyrde-Katekese-Smabarn-og-spedbarn-791x1024.jpg 791w, https:\/\/dengodehyrde.katolsk.no\/wp-content\/uploads\/2025\/05\/Formasjonsrett-Den-Gode-Hyrde-Katekese-Smabarn-og-spedbarn-232x300.jpg 232w, https:\/\/dengodehyrde.katolsk.no\/wp-content\/uploads\/2025\/05\/Formasjonsrett-Den-Gode-Hyrde-Katekese-Smabarn-og-spedbarn-768x994.jpg 768w, https:\/\/dengodehyrde.katolsk.no\/wp-content\/uploads\/2025\/05\/Formasjonsrett-Den-Gode-Hyrde-Katekese-Smabarn-og-spedbarn-1187x1536.jpg 1187w, https:\/\/dengodehyrde.katolsk.no\/wp-content\/uploads\/2025\/05\/Formasjonsrett-Den-Gode-Hyrde-Katekese-Smabarn-og-spedbarn.jpg 1275w\" sizes=\"auto, (max-width: 791px) 100vw, 791px\" \/><\/figure>\n\n\n\n<h1 class=\"wp-block-heading\">En banebrytende retrettformasjon &#8211; <strong>Hva handler 0\u20133-formasjonen om?<\/strong><\/h1>\n\n\n\n<p>\u00abDen gode hyrde\u00bb-katekese er en dyp og essensiell m\u00e5te \u00e5 m\u00f8te menneskets \u00e5ndelige behov p\u00e5 i alle utviklingsstadier. Det er en m\u00e5te der vi, sammen med v\u00e5re medvandrere \u2013 b\u00e5de barn og voksne \u2013 undrer oss over:<\/p>\n\n\n\n<pre class=\"wp-block-verse\">\u00abHvem er Du, Herre?\u00bb&nbsp;&nbsp;\u00abHvem er jeg?\u00bb&nbsp;&nbsp;\u00abHvem er Du, \u00e5 Herre?\u00bb<\/pre>\n\n\n\n<p>Ved \u00e5 lytte til Hans stemme i b\u00f8nn og i Hans Ord, ved \u00e5 skrive refleksjoner&nbsp;&nbsp;sammen i sm\u00e5 og store grupper, og ved \u00e5 bruke tidslinjer som viser utviklingen fra livet i mors liv og frem til tre\u00e5rsalderen, samt ved \u00e5 anvende Montessori-teori og pedagogikk, vil vi bli ledet og st\u00f8ttet i \u00e5 reflektere over temaene: Skapelse, mennesket, b\u00f8nn, slekt, ekteskap, f\u00f8dsel, d\u00e5p, kirkens fremtid, og hvordan vi kan leve livet sammen med Den gode hyrde&nbsp;&nbsp;\u2013 ved \u00e5 f\u00f8lge Hans stemme gjennom \u00e5rets tider, i det praktiske livs arbeid, i liturgi og feiring.<\/p>\n\n\n\n<p>Vi sp\u00f8r sammen hvordan vi best kan gj\u00f8re dette sammen med de aller yngste, og deler fruktbare muligheter for hvordan vi kan n\u00e6re det \u00e5ndelige livet hos de aller yngste barna i disse milj\u00f8ene: Naturen, mors liv, hjemmet, Kirken, Nido (italiensk for \u00abrede\u00bb) -atriet og sm\u00e5barns-atriet.<\/p>\n\n\n\n<p>Sammen undrer vi oss: Hvem er dette barnet? Hva har barnet \u00e5penbart for oss om seg selv? Om oss? Og om v\u00e5r Skaper?<br>I lys av \u00e5penbaringene gjennom barnet: Hvordan kaller Den Hellige \u00c5nd oss til \u00e5 svare p\u00e5 dem? Hvilke erfaringer og materiell kan vi tilby for \u00e5 gi n\u00e6ring til det forholdet de minste barna allerede har til Den Gode Hyrde?<\/p>\n\n\n\n<h1 class=\"wp-block-heading\"><strong>Hvem er denne formasjonen for?<\/strong><\/h1>\n\n\n\n<p>Formasjonen i spedbarns- og sm\u00e5barns-katekesen er for modne ungdommer (som selv \u00f8nsker dette, og de passer veldig godt sammen med de aller yngste) og for voksne i alle aldre som fortsatt \u00f8nsker \u00e5 fordype seg i undringen over v\u00e5rt menneskelige opphav \u2013 fra f\u00f8r unnfangelsen og helt til det evige liv.<\/p>\n\n\n\n<h1 class=\"wp-block-heading\"><strong>Hvorfor delta i denne formasjonen?<\/strong><\/h1>\n\n\n\n<ul class=\"wp-block-list\">\n<li>Fordi du kjenner deg kallet av v\u00e5r Skaper til \u00e5 gj\u00f8re det, kanskje uten \u00e5 vite&nbsp;<em>hvorfor<\/em>. Men Gud vet det, og vi trenger ikke vite det f\u00f8r det blir \u00e5penbart for oss.<\/li>\n\n\n\n<li>Fordi du er \u00e5pen for Den Hellige \u00c5nds verk og&nbsp;&nbsp;\u00f8nsker en personlig retrett, som finner sted i rolige og vakre omgivelser i et kloster.<\/li>\n\n\n\n<li>Fordi du er nysgjerrig p\u00e5 hva disse aller minste barna \u00f8nsker \u00e5 dele med oss, og du finner glede i \u00e5 tilbringe tid sammen med dem.<\/li>\n\n\n\n<li>Fordi du fryder deg over \u00e5 h\u00f8re og fortelle historier fra pilegrimsvandringen.<\/li>\n\n\n\n<li>Fordi du elsker troen din og lengter etter \u00e5 forst\u00e5 hva det hele kan bety \u2013 v\u00e5r Gud, som er alt i alle \u2013 hva \u00f8nsker Han for oss?<\/li>\n\n\n\n<li>Fordi du vet at noen ganger er sp\u00f8rsm\u00e5let mer en s\u00f8ken enn et svar \u2013 og at svaret allerede er til stede, og kaller oss til selv \u00e5&nbsp;<em>v\u00e6re<\/em>&nbsp;til stede.<\/li>\n\n\n\n<li>Fordi du er: En fadder, en tante, en onkel, i et forhold, forlovet, gift, en forelder, en besteforelder, en venn, et Guds barn p\u00e5 h\u00e5pets pilegrimsreise.<\/li>\n\n\n\n<li>Fordi du b\u00e5de \u00f8nsker \u00e5 bli mer formet i troen og allerede er en kateket: I ditt hjem, i din menighet og i verden.<\/li>\n<\/ul>\n\n\n\n<h1 class=\"wp-block-heading\"><strong>Formasjonssted<\/strong><\/h1>\n\n\n\n<p>Formasjon finner sted i Marias Minde \/ V\u00e5r Frue kirke. Klosterkirken ligger I Nylandsveien 31 i Bergen. Vi feirer Messen sammen hver dag. Det er ogs\u00e5 her vi samles til formasjon.<\/p>\n\n\n\n<p><strong>Merk<\/strong>: P\u00e5 grunn av forventet gruppest\u00f8rrelse og lokalets begrensninger, m\u00e5 du selv ordne overnatting i Bergen og ta med egen lunsj og snacks, som kan nytes p\u00e5 Marias Minde. Kaffe og te vil bli servert.<\/p>\n\n\n\n<p>N\u00e5r du er registrert, vil du ogs\u00e5 f\u00e5 tilsendt informasjon som kan hjelpe deg med \u00e5 finne et sted \u00e5 bo dersom du er tilreisende.<\/p>\n\n\n\n<figure class=\"wp-block-gallery has-nested-images columns-default is-cropped wp-block-gallery-1 is-layout-flex wp-block-gallery-is-layout-flex\">\n<figure class=\"wp-block-image size-large is-style-default\"><img loading=\"lazy\" decoding=\"async\" width=\"280\" height=\"294\" data-id=\"7240\" src=\"https:\/\/dengodehyrde.katolsk.no\/wp-content\/uploads\/2025\/05\/MM1.jpg\" alt=\"V\u00e5r Frue Maria\" class=\"wp-image-7240\"\/><\/figure>\n\n\n\n<figure class=\"wp-block-image size-large is-style-default\"><img loading=\"lazy\" decoding=\"async\" width=\"364\" height=\"278\" data-id=\"7241\" src=\"https:\/\/dengodehyrde.katolsk.no\/wp-content\/uploads\/2025\/05\/MM2.jpg\" alt=\"\" class=\"wp-image-7241\" srcset=\"https:\/\/dengodehyrde.katolsk.no\/wp-content\/uploads\/2025\/05\/MM2.jpg 364w, https:\/\/dengodehyrde.katolsk.no\/wp-content\/uploads\/2025\/05\/MM2-300x229.jpg 300w\" sizes=\"auto, (max-width: 364px) 100vw, 364px\" \/><\/figure>\n<\/figure>\n\n\n\n<p><strong>V\u00e5r vertskapsmenighet: St. Paul menighet<\/strong><\/p>\n\n\n\n<p>St. Paul menighet er den eneste katolske menigheten i Bergen. Det er en livlig og flerspr\u00e5klig menighet med omtrent 20\u202f000 medlemmer fra over 150 forskjellige nasjonaliteter, noe som gj\u00f8r den til den st\u00f8rste menigheten i Norge.Messer feires gjennom hele m\u00e5neden p\u00e5 11 forskjellige spr\u00e5k. Kirken ligger i den vakre kystbyen Bergen, Norges nest st\u00f8rste by.<\/p>\n\n\n\n<p>St. Paul er en utpekt kirke for Jubel\u00e5ret for v\u00e5r Herre MMXXV (2025), og som s\u00e5dan kan du gjennomf\u00f8re en pilegrimsreise til kirken og motta fullkommen avlat under de vanlige betingelsene, som en h\u00e5pets&nbsp;pilegrim.<\/p>\n\n\n\n<p><a href=\"https:\/\/bergen.katolsk.no\/?p=28824\">St. Paul kirke \u2013 pilegrimskirke i Jubel\u00e5ret !<\/a><\/p>\n\n\n\n<h1 class=\"wp-block-heading\">N\u00e5r finner formasjonen sted?<\/h1>\n\n\n\n<p>Formasjonen tilbys i to deler, hver p\u00e5 6 hele dager:<\/p>\n\n\n\n<ul class=\"wp-block-list\">\n<li>Del 1: Fredag 19. september \u2013 onsdag 24. september 2025<\/li>\n\n\n\n<li>Del 2: Mandag 4. mai \u2013 l\u00f8rdag 9. mai 2026<\/li>\n<\/ul>\n\n\n\n<p>Disse 12 dagene utgj\u00f8r hele formasjonen. N\u00e5r du melder deg p\u00e5, er det for begge deler \u2013 alle 12 dagene.Dersom du har deltatt p\u00e5 hele formasjonen, vil du p\u00e5 den siste dagen motta et kursbevis fra The United States Association of the Catechesis of the Good Shepherd (<a href=\"https:\/\/www.cgsusa.org\" target=\"_blank\" rel=\"noreferrer noopener\">https:\/\/www.cgsusa.org<\/a>).<\/p>\n\n\n\n<h1 class=\"wp-block-heading\"><strong>Pris<\/strong> <strong>og hvordan melde seg p\u00e5<\/strong><\/h1>\n\n\n\n<p>Kostnaden er den samme for alle deltakere: 410 EUR (5000 NOK), som betales som \u00e9n samlet betaling for hele formasjonen p\u00e5 12 dager.<\/p>\n\n\n\n<p>Siden formasjonen gjennomf\u00f8res i l\u00f8pet av under ett \u00e5r og inkluderer et internasjonalt formasjons-team, vil du bli bedt om \u00e5 betale hele bel\u00f8pet p\u00e5 410 EUR (5000 NOK) i slutten av juni 2025 for \u00e5 sikre at formasjonen er \u00f8konomisk gjennomf\u00f8rbar. Du vil kun bli bedt om \u00e5 betale dette bel\u00f8pet etter at vi har f\u00e5tt registrert minst 40 deltakere.Din p\u00e5melding er bindende, den er en forpliktelse til formasjonen \u2013 b\u00e5de for deg selv og for de andre deltakerne. Dersom vi ikke n\u00e5r minimum 40 deltakere, kan det hende at formasjonen m\u00e5 avlyses. Maksimalt antall deltakere, basert p\u00e5 plasskapasiteten, er 50.<\/p>\n\n\n\n<p>Meld deg p\u00e5 her: <a href=\"https:\/\/forms.gle\/vG5Gs4dYQLBA77Tu6\">https:\/\/forms.gle\/vG5Gs4dYQLBA77Tu6<\/a><\/p>\n\n\n\n<div class=\"wp-block-buttons is-layout-flex wp-block-buttons-is-layout-flex\">\n<div class=\"wp-block-button\"><a class=\"wp-block-button__link wp-element-button\" href=\"https:\/\/forms.gle\/vG5Gs4dYQLBA77Tu6\" target=\"_blank\" rel=\"noreferrer noopener\">P\u00e5meldingsskjema<\/a><\/div>\n<\/div>\n\n\n\n<p>Del gjerne denne sjeldne muligheten i ditt lokalmilj\u00f8!<\/p>\n\n\n\n<div class=\"wp-block-group\"><div class=\"wp-block-group__inner-container is-layout-constrained wp-block-group-is-layout-constrained\">\n<div class=\"wp-block-group has-black-color has-light-gray-background-color has-text-color has-background has-link-color wp-elements-7c8777e6759360f1cfdc7d5aff4bacb5\"><div class=\"wp-block-group__inner-container is-layout-constrained wp-block-group-is-layout-constrained\">\n<h1 class=\"wp-block-heading has-light-gray-background-color has-background\">Vertskap &amp; Formasjonsteam<\/h1>\n\n\n\n<p class=\"has-light-gray-background-color has-background\"><strong>Reidun Jofrid Kleppestrand&nbsp;<\/strong>er lokal vert og medlem av formasjonsteamet som&nbsp;&nbsp;formasjonsleder for niv\u00e5 1 og 2, og arbeider n\u00e5 mot ogs\u00e5 \u00e5 bli formasjonsleder for sped- og sm\u00e5barn (0\u20133).&nbsp;Reidun Jofrid deltok i den f\u00f8rste banebrytende 0\u20133-formasjonen i Wales i 2016\u20132017. Hun er katekesekoordinator i St. Paul menighet i Bergen, hvor hun har arbeidet med barn p\u00e5 alle niv\u00e5er innen DGHK (\u00abDen Gode Hyrde\u00bb-katekese) i flere \u00e5r. Hun har hovedfag i kristendom, l\u00e6rerutdanning med realfag, generell kateketutdanning, i tillegg til utdanning i DGHK. Reidun Jofrid er gift og mor til fire \u2013 ten\u00e5ringer og voksne.<\/p>\n\n\n\n<p class=\"has-light-gray-background-color has-background\"><strong>Elizabeth Calanchini<\/strong>&nbsp;har v\u00e6rt\/er: formasjonsleder for 0\u20133-formasjonen i samtlige 23 banebrytende sped- og sm\u00e5barns-formasjoner i DGHK; AMI Montessori-pedagog og veileder for barn fra 0\u201312 \u00e5r; utdannet og erfaring p\u00e5 alle niv\u00e5er i DGHK i over 30 \u00e5r; v\u00e6rt vertskap, assistent og kateket (FL for niv\u00e5 1 og sped-og sm\u00e5barn) p\u00e5 alle niv\u00e5er i mange \u00e5r; undervist ved tre katolske Montessoriskoler; programdirekt\u00f8r ved skolen hun var med \u00e5 grunnlegge; konsulent for katolske Montessoriskoler og menigheter; og nylig ferdigstilt et 2,5-\u00e5rig program i Montessori Medical Therapy Training for \u00e5 st\u00f8tte barn med spesielle behov i inkluderende milj\u00f8er.<\/p>\n\n\n\n<p class=\"has-light-gray-background-color has-background\"><strong>Mary Beth Palko<\/strong>&nbsp;er utdannet kateket i DGHK p\u00e5 niv\u00e5 I, II, III og sped- og sm\u00e5barn. Hun har v\u00e6rt kateket og leder p\u00e5 disse niv\u00e5ene i nesten tjue \u00e5r. Gjennom dette utviklet hun en kj\u00e6rlighet for \u00e5 videreformidle arbeidet til voksne som formasjonsleder p\u00e5 niv\u00e5 I og II.&nbsp;Hun har en Master of Arts in Pastoral Studies \u2013 Catechesis of the Good Shepherd fra Aquinas Institute of Theology.&nbsp;Mary Beth er pensjonert f\u00f8rsteklassel\u00e6rer, gift, har tre barn og ett barnebarn.<\/p>\n\n\n\n<p class=\"has-light-gray-background-color has-background\"><strong>Jackson Reeves<\/strong>&nbsp;tilbrakte sju \u00e5r i presteseminar som forberedelse til ordinasjon. Han arbeider n\u00e5 i &laquo;ving\u00e5rden&raquo; ved den historiske St. Joseph menighet og skole i s\u00f8r\u00f8stlige Michigan, hvor han deler Den katolske kirkens skattkammer av hellig musikk med barn i alle aldre, og vekker kj\u00e6rlighet for Sannhet, Skj\u00f8nnhet og Godhet. De siste seks \u00e5rene har han arbeidet med barn fra f\u00f8dsel til voksen alder med musikk, latin, Bibelen, Kirkens l\u00e6re og tradisjon. Han snakker spansk og latin, og har undervist i musikk siden 2015 med bruk av Justine Ward-metoden. Han er sv\u00e6rt engasjert i DGHK og har formasjon p\u00e5 alle niv\u00e5er, inkludert sped- og sm\u00e5barn.<\/p>\n<\/div><\/div>\n\n\n\n<h1 class=\"wp-block-heading\">Brosjyre og plakat<\/h1>\n<\/div><\/div>\n\n\n\n<div class=\"wp-block-buttons is-layout-flex wp-block-buttons-is-layout-flex\">\n<div class=\"wp-block-button\"><a class=\"wp-block-button__link wp-element-button\" href=\"https:\/\/bergen.katolsk.no\/wp-content\/uploads\/2025\/04\/Formasjonsretrett-i-Den-Gode-Hyrde-katekese-for-spedbarn-og-smabarn.pdf\" target=\"_blank\" rel=\"noreferrer noopener\">Brosjyre (pdf)<\/a><\/div>\n\n\n\n<div class=\"wp-block-button\"><a class=\"wp-block-button__link wp-element-button\" href=\"https:\/\/dengodehyrde.katolsk.no\/wp-content\/uploads\/2025\/05\/Formasjonsrett-DGHK-Smabarn-og-spedbarn-cmpr.pdf\" target=\"_blank\" rel=\"noreferrer noopener\">Plakat (pdf)<\/a><\/div>\n<\/div>\n","protected":false},"excerpt":{"rendered":"<p>En banebrytende retrettformasjon &#8211; Hva handler 0\u20133-formasjonen om? \u00abDen gode hyrde\u00bb-katekese er en dyp og essensiell m\u00e5te \u00e5 m\u00f8te menneskets \u00e5ndelige behov p\u00e5 i alle utviklingsstadier. Det er en m\u00e5te der vi, sammen med v\u00e5re medvandrere \u2013 b\u00e5de barn og &hellip; <a href=\"https:\/\/dengodehyrde.katolsk.no\/index.php\/retrettformasjon-dgh-katekese-for-spedbarn-og-smabarn-0-3-ar-19-24-september-2025-4-9-mai-2026-st-paul-menighet-i-bergen\/\">Les videre <span class=\"meta-nav\">&rarr;<\/span><\/a><\/p>\n","protected":false},"author":4,"featured_media":7228,"parent":0,"menu_order":0,"comment_status":"closed","ping_status":"closed","template":"","meta":{"footnotes":""},"class_list":["post-7229","page","type-page","status-publish","has-post-thumbnail","hentry"],"_links":{"self":[{"href":"https:\/\/dengodehyrde.katolsk.no\/index.php\/wp-json\/wp\/v2\/pages\/7229","targetHints":{"allow":["GET"]}}],"collection":[{"href":"https:\/\/dengodehyrde.katolsk.no\/index.php\/wp-json\/wp\/v2\/pages"}],"about":[{"href":"https:\/\/dengodehyrde.katolsk.no\/index.php\/wp-json\/wp\/v2\/types\/page"}],"author":[{"embeddable":true,"href":"https:\/\/dengodehyrde.katolsk.no\/index.php\/wp-json\/wp\/v2\/users\/4"}],"replies":[{"embeddable":true,"href":"https:\/\/dengodehyrde.katolsk.no\/index.php\/wp-json\/wp\/v2\/comments?post=7229"}],"version-history":[{"count":12,"href":"https:\/\/dengodehyrde.katolsk.no\/index.php\/wp-json\/wp\/v2\/pages\/7229\/revisions"}],"predecessor-version":[{"id":7259,"href":"https:\/\/dengodehyrde.katolsk.no\/index.php\/wp-json\/wp\/v2\/pages\/7229\/revisions\/7259"}],"wp:featuredmedia":[{"embeddable":true,"href":"https:\/\/dengodehyrde.katolsk.no\/index.php\/wp-json\/wp\/v2\/media\/7228"}],"wp:attachment":[{"href":"https:\/\/dengodehyrde.katolsk.no\/index.php\/wp-json\/wp\/v2\/media?parent=7229"}],"curies":[{"name":"wp","href":"https:\/\/api.w.org\/{rel}","templated":true}]}}