{"id":7296,"date":"2025-12-01T13:15:59","date_gmt":"2025-12-01T12:15:59","guid":{"rendered":"https:\/\/dengodehyrde.katolsk.no\/?page_id=7296"},"modified":"2025-12-05T13:23:23","modified_gmt":"2025-12-05T12:23:23","slug":"cgs-retreat-march-20-22-2026-brenna-poland","status":"publish","type":"page","link":"https:\/\/dengodehyrde.katolsk.no\/index.php\/cgs-retreat-march-20-22-2026-brenna-poland\/","title":{"rendered":"CGS retreat, March 20\u201322, 2026, Brenna, Poland"},"content":{"rendered":"\n<p><strong>Retreat Details<\/strong><\/p>\n\n\n\n<p>Leader:&nbsp;<strong>Francesca Cocchini<\/strong><\/p>\n\n\n\n<p>Dates:&nbsp;<strong>March 20\u201322, 2026<\/strong><\/p>\n\n\n\n<p>Location:&nbsp;<strong>O\u015brodek Spotka\u0144 i Formacji Archidiecezji Katowickiej (St. Jadwiga of Silesia Formation and Meeting Center) &#8211; Le\u015bnik\u00f3w 38, 43-438 Brenna, Poland<\/strong><\/p>\n\n\n\n<p>Retreat Cost:<strong>&nbsp;130 EURO<\/strong><\/p>\n\n\n\n<p>Payment in two installments:<\/p>\n\n\n\n<ul class=\"wp-block-list\">\n<li>70 EURO \u2013 deposit, due by December 15, 2025<\/li>\n\n\n\n<li>60 EURO \u2013 second installment, due by February 28, 2026<\/li>\n<\/ul>\n\n\n\n<p>Detailed payment information will be sent after we receive your completed registration form.<\/p>\n\n\n\n<p><strong>The fee includes:<\/strong><\/p>\n\n\n\n<ul class=\"wp-block-list\">\n<li>participation in the retreat conducted in Italian, with translation into Polish, English and Slovak,<\/li>\n\n\n\n<li>accommodation,<\/li>\n\n\n\n<li>full board (breakfast, lunch, dinner) and a coffee corner,<\/li>\n\n\n\n<li>formation materials.<\/li>\n<\/ul>\n\n\n\n<p>_______________________<\/p>\n\n\n\n<p><strong>Accommodation Details<\/strong><\/p>\n\n\n\n<p>Twin rooms with private bathrooms, chapel, air-conditioned conference room, outdoor prayer spaces, four parking areas, and wireless Internet access. A few photos of the venue are attached.<\/p>\n\n\n\n<p>_______________________<\/p>\n\n\n\n<p><strong>Registration Form<\/strong><\/p>\n\n\n\n<p>Deadline for submitting the form: December 05, 2025<\/p>\n\n\n\n<p>The number of places is limited. We kindly ask you to complete and submit the registration form. The registration form is provided in English. We kindly ask you to complete it in this language.<\/p>\n\n\n\n<p><strong>Registration link:<\/strong><\/p>\n\n\n\n<p><a href=\"https:\/\/forms.gle\/ega7CwAyeifij29S7\">https:\/\/forms.gle\/ega7CwAyeifij29S7<\/a><\/p>\n\n\n\n<p>_______________________<\/p>\n\n\n\n<p>Thank you for choosing to spend this time with us, in the closeness of the Good Shepherd.<\/p>\n\n\n\n<p>With gratitude and unity in prayer,<\/p>\n\n\n\n<p>The CGS Retreat Organizing Team<\/p>\n","protected":false},"excerpt":{"rendered":"<p>Retreat Details Leader:&nbsp;Francesca Cocchini Dates:&nbsp;March 20\u201322, 2026 Location:&nbsp;O\u015brodek Spotka\u0144 i Formacji Archidiecezji Katowickiej (St. Jadwiga of Silesia Formation and Meeting Center) &#8211; Le\u015bnik\u00f3w 38, 43-438 Brenna, Poland Retreat Cost:&nbsp;130 EURO Payment in two installments: Detailed payment information will be sent &hellip; <a href=\"https:\/\/dengodehyrde.katolsk.no\/index.php\/cgs-retreat-march-20-22-2026-brenna-poland\/\">Les videre <span class=\"meta-nav\">&rarr;<\/span><\/a><\/p>\n","protected":false},"author":4,"featured_media":0,"parent":0,"menu_order":0,"comment_status":"closed","ping_status":"closed","template":"","meta":{"footnotes":""},"class_list":["post-7296","page","type-page","status-publish","hentry"],"_links":{"self":[{"href":"https:\/\/dengodehyrde.katolsk.no\/index.php\/wp-json\/wp\/v2\/pages\/7296","targetHints":{"allow":["GET"]}}],"collection":[{"href":"https:\/\/dengodehyrde.katolsk.no\/index.php\/wp-json\/wp\/v2\/pages"}],"about":[{"href":"https:\/\/dengodehyrde.katolsk.no\/index.php\/wp-json\/wp\/v2\/types\/page"}],"author":[{"embeddable":true,"href":"https:\/\/dengodehyrde.katolsk.no\/index.php\/wp-json\/wp\/v2\/users\/4"}],"replies":[{"embeddable":true,"href":"https:\/\/dengodehyrde.katolsk.no\/index.php\/wp-json\/wp\/v2\/comments?post=7296"}],"version-history":[{"count":1,"href":"https:\/\/dengodehyrde.katolsk.no\/index.php\/wp-json\/wp\/v2\/pages\/7296\/revisions"}],"predecessor-version":[{"id":7297,"href":"https:\/\/dengodehyrde.katolsk.no\/index.php\/wp-json\/wp\/v2\/pages\/7296\/revisions\/7297"}],"wp:attachment":[{"href":"https:\/\/dengodehyrde.katolsk.no\/index.php\/wp-json\/wp\/v2\/media?parent=7296"}],"curies":[{"name":"wp","href":"https:\/\/api.w.org\/{rel}","templated":true}]}}